{"id":185,"date":"2022-02-21T12:11:26","date_gmt":"2022-02-21T12:11:26","guid":{"rendered":"https:\/\/salestegy.de\/?page_id=185"},"modified":"2025-09-09T12:19:14","modified_gmt":"2025-09-09T12:19:14","slug":"impressum","status":"publish","type":"page","link":"https:\/\/salestegy.de\/en\/impressum","title":{"rendered":"Legal notice"},"content":{"rendered":"<div data-elementor-type=\"wp-page\" data-elementor-id=\"185\" class=\"elementor elementor-185\" data-elementor-post-type=\"page\">\n\t\t\t\t\t\t<section class=\"elementor-section elementor-top-section elementor-element elementor-element-1e676b72 elementor-section-height-min-height elementor-section-boxed elementor-section-height-default elementor-section-items-middle\" data-id=\"1e676b72\" data-element_type=\"section\" data-e-type=\"section\" data-settings=\"{&quot;background_background&quot;:&quot;classic&quot;}\">\n\t\t\t\t\t\t\t<div class=\"elementor-background-overlay\"><\/div>\n\t\t\t\t\t\t\t<div class=\"elementor-container elementor-column-gap-default\">\n\t\t\t\t\t<div class=\"elementor-column elementor-col-100 elementor-top-column elementor-element elementor-element-6dcffe11\" data-id=\"6dcffe11\" data-element_type=\"column\" data-e-type=\"column\" data-settings=\"{&quot;background_background&quot;:&quot;classic&quot;}\">\n\t\t\t<div class=\"elementor-widget-wrap\">\n\t\t\t\t\t\t\t<\/div>\n\t\t<\/div>\n\t\t\t\t\t<\/div>\n\t\t<\/section>\n\t\t\t\t<section class=\"elementor-section elementor-top-section elementor-element elementor-element-30b299c6 elementor-section-height-min-height elementor-section-items-stretch elementor-section-boxed elementor-section-height-default\" data-id=\"30b299c6\" data-element_type=\"section\" data-e-type=\"section\" data-settings=\"{&quot;background_background&quot;:&quot;classic&quot;}\">\n\t\t\t\t\t\t<div class=\"elementor-container elementor-column-gap-default\">\n\t\t\t\t\t<div class=\"elementor-column elementor-col-100 elementor-top-column elementor-element elementor-element-594f1061\" data-id=\"594f1061\" data-element_type=\"column\" data-e-type=\"column\" data-settings=\"{&quot;background_background&quot;:&quot;classic&quot;}\">\n\t\t\t<div class=\"elementor-widget-wrap elementor-element-populated\">\n\t\t\t\t\t\t<div class=\"elementor-element elementor-element-6bf819e2 elementor-widget elementor-widget-heading\" data-id=\"6bf819e2\" data-element_type=\"widget\" data-e-type=\"widget\" data-widget_type=\"heading.default\">\n\t\t\t\t<div class=\"elementor-widget-container\">\n\t\t\t\t\t<h1 class=\"elementor-heading-title elementor-size-default\">Legal notice<\/h1>\t\t\t\t<\/div>\n\t\t\t\t<\/div>\n\t\t\t\t\t<\/div>\n\t\t<\/div>\n\t\t\t\t\t<\/div>\n\t\t<\/section>\n\t\t\t\t<section class=\"elementor-section elementor-top-section elementor-element elementor-element-543bbcd4 elementor-section-boxed elementor-section-height-default elementor-section-height-default\" data-id=\"543bbcd4\" data-element_type=\"section\" data-e-type=\"section\">\n\t\t\t\t\t\t<div class=\"elementor-container elementor-column-gap-default\">\n\t\t\t\t\t<div class=\"elementor-column elementor-col-100 elementor-top-column elementor-element elementor-element-7c4a1d3f\" data-id=\"7c4a1d3f\" data-element_type=\"column\" data-e-type=\"column\">\n\t\t\t<div class=\"elementor-widget-wrap elementor-element-populated\">\n\t\t\t\t\t\t<div class=\"elementor-element elementor-element-5b62d185 elementor-widget elementor-widget-text-editor\" data-id=\"5b62d185\" data-element_type=\"widget\" data-e-type=\"widget\" data-widget_type=\"text-editor.default\">\n\t\t\t\t<div class=\"elementor-widget-container\">\n\t\t\t\t\t\t\t\t\t<h3>Address<\/h3>\n<p>Prof. Dr. Jan Wieseke<br>Ruhr University Bochum<br>Universit\u00e4tsstra\u00dfe 150<br>Room GD, E02-423<br>44801 Bochum<\/p>\n<h4>Represented by<\/h4>\n<p>Bochum Sales Publishing GmbH<\/p>\n<h4 style=\"font-family: Roboto, sans-serif; font-style: normal;\">Dispute resolution procedure<\/h4>\n<p>We are not willing or obliged to participate in dispute resolution proceedings before a consumer arbitration board.<\/p>\n<h3 data-fontsize=\"40\" data-lineheight=\"48px\">Contact<\/h3>\n<p>Phone: <u><a href=\"tel:+492343226596\" data-dtype=\"d3ph\" data-local-attribute=\"d3ph\" data-ved=\"2ahUKEwi488uaxZr1AhXESfEDHT4yDKoQkAgoAHoECDsQAw\"><span aria-label=\"0234 3226596 anrufen\">+49 234 3226596<\/span><\/a><\/u><br>Email: <u><a href=\"mailto:Sales-management-department@ruhr-uni-bochum.de\"><span style=\"font-weight: 400;\">sales-management-department@ruhr-uni-bochum.de<\/span><\/a><\/u><\/p>\t\t\t\t\t\t\t\t<\/div>\n\t\t\t\t<\/div>\n\t\t\t\t\t<\/div>\n\t\t<\/div>\n\t\t\t\t\t<\/div>\n\t\t<\/section>\n\t\t\t\t<\/div>","protected":false},"excerpt":{"rendered":"<p>Impressum Anschrift Prof. Dr. Jan WiesekeRuhr-Universit\u00e4t BochumUniversit\u00e4tsstra\u00dfe 150Raum GD, E02-42344801 Bochum Vertreten durch Bochum Sales Publishing GmbH Streitbeilegungsverfahren Wir sind nicht bereit oder verpflichtet, an Streitbeilegungsverfahren vor einer Verbraucherschlichtungsstelle teilzunehmen. Kontakt Telefon: +49 234 3226596E-Mail: sales-management-department@ruhr-uni-bochum.de<\/p>","protected":false},"author":2,"featured_media":0,"parent":0,"menu_order":0,"comment_status":"closed","ping_status":"closed","template":"elementor_header_footer","meta":{"inline_featured_image":false,"footnotes":""},"class_list":["post-185","page","type-page","status-publish"],"_links":{"self":[{"href":"https:\/\/salestegy.de\/en\/wp-json\/wp\/v2\/pages\/185","targetHints":{"allow":["GET"]}}],"collection":[{"href":"https:\/\/salestegy.de\/en\/wp-json\/wp\/v2\/pages"}],"about":[{"href":"https:\/\/salestegy.de\/en\/wp-json\/wp\/v2\/types\/page"}],"author":[{"embeddable":true,"href":"https:\/\/salestegy.de\/en\/wp-json\/wp\/v2\/users\/2"}],"replies":[{"embeddable":true,"href":"https:\/\/salestegy.de\/en\/wp-json\/wp\/v2\/comments?post=185"}],"version-history":[{"count":18,"href":"https:\/\/salestegy.de\/en\/wp-json\/wp\/v2\/pages\/185\/revisions"}],"predecessor-version":[{"id":954,"href":"https:\/\/salestegy.de\/en\/wp-json\/wp\/v2\/pages\/185\/revisions\/954"}],"wp:attachment":[{"href":"https:\/\/salestegy.de\/en\/wp-json\/wp\/v2\/media?parent=185"}],"curies":[{"name":"wp","href":"https:\/\/api.w.org\/{rel}","templated":true}]}}